{"id":147,"date":"2025-08-04T13:47:07","date_gmt":"2025-08-04T13:47:07","guid":{"rendered":"https:\/\/bordaspiscina.com.br\/loja\/?post_type=product&#038;p=147"},"modified":"2025-08-07T18:23:56","modified_gmt":"2025-08-07T18:23:56","slug":"dormente-cimenticio-madeirado-genesis-100x20-cm-cod-m7758744","status":"publish","type":"product","link":"https:\/\/bordaspiscina.com.br\/loja\/produto\/dormente-cimenticio-madeirado-genesis-100x20-cm-cod-m7758744\/","title":{"rendered":"Dormente Ciment\u00edcio Madeirado G\u00eanesis 100&#215;20 cm C\u00d3D: M7758744"},"content":{"rendered":"<p>Apresenta\u00e7\u00e3o do Dormente 100&#215;20 Amadeirado G\u00eanesis<\/p>\n<p>O Dormente 100&#215;20 Amadeirado da G\u00eanesis \u00e9 a solu\u00e7\u00e3o ideal para quem deseja combinar a beleza atemporal da madeira com a resist\u00eancia e praticidade do piso ciment\u00edcio. Desenvolvido com tecnologia de ponta, este produto foi projetado para trazer sofistica\u00e7\u00e3o e funcionalidade a projetos arquitet\u00f4nicos e paisag\u00edsticos, destacando-se pela sua est\u00e9tica \u00fanica e durabilidade excepcional.<\/p>\n<p>Com dimens\u00f5es de 100&#215;20 cm, o Dormente Amadeirado G\u00eanesis reproduz fielmente os detalhes e texturas da madeira natural, oferecendo um visual r\u00fastico e elegante que valoriza qualquer ambiente. Dispon\u00edvel em diferentes tonalidades, cada pe\u00e7a apresenta veios exclusivos, garantindo autenticidade e personaliza\u00e7\u00e3o para \u00e1reas externas como jardins, caminhos, decks, entorno de piscinas ou at\u00e9 mesmo em espa\u00e7os internos que pedem um toque diferenciado.<\/p>\n<p>Fabricado com cimento de alta performance, pol\u00edmeros avan\u00e7ados e agregados minerais selecionados, o Dormente 100&#215;20 Amadeirado \u00e9 altamente resistente a intemp\u00e9ries, impactos e ao desgaste do tempo, sendo uma alternativa sustent\u00e1vel \u00e0 madeira natural. Sua caracter\u00edstica at\u00e9rmica proporciona conforto ao toque, absorvendo menos calor, o que o torna perfeito para \u00e1reas expostas ao sol. Al\u00e9m disso, a instala\u00e7\u00e3o \u00e9 pr\u00e1tica e o uso do gel envelhecedor exclusivo da G\u00eanesis real\u00e7a ainda mais o acabamento, conferindo um charme adicional ao produto.<\/p>\n<p>Ecologicamente correto, o Dormente 100&#215;20 Amadeirado G\u00eanesis une inova\u00e7\u00e3o, estilo e responsabilidade ambiental, sendo a escolha preferida de arquitetos e paisagistas que buscam qualidade e versatilidade. Transforme seus projetos com a durabilidade e o design incompar\u00e1veis deste revestimento e crie espa\u00e7os que inspiram.<\/p>\n<p>Conhe\u00e7a mais sobre o Dormente 100&#215;20 Amadeirado e eleve o padr\u00e3o dos seus ambientes com a G\u00eanesis!<\/p>\n","protected":false},"excerpt":{"rendered":"<table class=\"table table-zebra pair-table pair-table-big characteristics-table\">\n<tbody>\n<tr>\n<th class=\"color-default-dark\">Modelo:<\/th>\n<td class=\"color-default-dark\">Ciment\u00edcio Madeirado<\/td>\n<\/tr>\n<tr>\n<th class=\"color-default-dark\">Tamanho:<\/th>\n<td class=\"color-default-dark\">100x20x2 cm<\/td>\n<\/tr>\n<tr>\n<th class=\"color-default-dark\">Unidade de Venda:<\/th>\n<td class=\"color-default-dark\">Por pe\u00e7a (5 Pe\u00e7as \/ Metro Quadrado)<\/td>\n<\/tr>\n<\/tbody>\n<\/table>\n<p><img decoding=\"async\" class=\"alignnone wp-image-211\" src=\"https:\/\/bordaspiscina.com.br\/loja\/wp-content\/uploads\/2025\/08\/mercadopago-selo-300x59.png\" alt=\"\" width=\"214\" height=\"42\" srcset=\"https:\/\/bordaspiscina.com.br\/loja\/wp-content\/uploads\/2025\/08\/mercadopago-selo-300x59.png 300w, https:\/\/bordaspiscina.com.br\/loja\/wp-content\/uploads\/2025\/08\/mercadopago-selo.png 525w\" sizes=\"(max-width: 214px) 100vw, 214px\" \/><\/p>\n","protected":false},"featured_media":105,"comment_status":"open","ping_status":"closed","template":"","meta":[],"product_brand":[],"product_cat":[23,20],"product_tag":[24,25],"class_list":{"0":"post-147","1":"product","2":"type-product","3":"status-publish","4":"has-post-thumbnail","6":"product_cat-piso-cimenticio-amadeirado","7":"product_cat-pisos-de-piscinas","8":"product_tag-bordas-de-piscinas","9":"product_tag-piso-atermico","11":"first","12":"instock","13":"shipping-taxable","14":"purchasable","15":"product-type-simple"},"_links":{"self":[{"href":"https:\/\/bordaspiscina.com.br\/loja\/wp-json\/wp\/v2\/product\/147","targetHints":{"allow":["GET"]}}],"collection":[{"href":"https:\/\/bordaspiscina.com.br\/loja\/wp-json\/wp\/v2\/product"}],"about":[{"href":"https:\/\/bordaspiscina.com.br\/loja\/wp-json\/wp\/v2\/types\/product"}],"replies":[{"embeddable":true,"href":"https:\/\/bordaspiscina.com.br\/loja\/wp-json\/wp\/v2\/comments?post=147"}],"wp:featuredmedia":[{"embeddable":true,"href":"https:\/\/bordaspiscina.com.br\/loja\/wp-json\/wp\/v2\/media\/105"}],"wp:attachment":[{"href":"https:\/\/bordaspiscina.com.br\/loja\/wp-json\/wp\/v2\/media?parent=147"}],"wp:term":[{"taxonomy":"product_brand","embeddable":true,"href":"https:\/\/bordaspiscina.com.br\/loja\/wp-json\/wp\/v2\/product_brand?post=147"},{"taxonomy":"product_cat","embeddable":true,"href":"https:\/\/bordaspiscina.com.br\/loja\/wp-json\/wp\/v2\/product_cat?post=147"},{"taxonomy":"product_tag","embeddable":true,"href":"https:\/\/bordaspiscina.com.br\/loja\/wp-json\/wp\/v2\/product_tag?post=147"}],"curies":[{"name":"wp","href":"https:\/\/api.w.org\/{rel}","templated":true}]}}