{"id":146,"date":"2025-08-04T13:47:07","date_gmt":"2025-08-04T13:47:07","guid":{"rendered":"https:\/\/bordaspiscina.com.br\/loja\/?post_type=product&#038;p=146"},"modified":"2025-10-19T22:32:28","modified_gmt":"2025-10-19T22:32:28","slug":"piso-cimenticio-madeirado-genesis-castanho-100x20-cm-cod-m774742214","status":"publish","type":"product","link":"https:\/\/bordaspiscina.com.br\/loja\/produto\/piso-cimenticio-madeirado-genesis-castanho-100x20-cm-cod-m774742214\/","title":{"rendered":"Piso Ciment\u00edcio Madeirado G\u00eanesis Castanho 100&#215;20 cm C\u00d3D: M774742214"},"content":{"rendered":"<p>Apresenta\u00e7\u00e3o do Piso Ciment\u00edcio Amadeirado G\u00eanesis<\/p>\n<p>O Piso Ciment\u00edcio Amadeirado da G\u00eanesis \u00e9 a escolha ideal para quem busca unir beleza, durabilidade e sustentabilidade em um s\u00f3 produto. Desenvolvido com tecnologia avan\u00e7ada, este revestimento reproduz fielmente a est\u00e9tica natural da madeira, com texturas e veios que garantem um visual sofisticado e exclusivo, sem abrir m\u00e3o da resist\u00eancia do concreto.<\/p>\n<p>Fabricado com cimento especial, pol\u00edmeros de alto desempenho e agregados minerais selecionados, o piso G\u00eanesis destaca-se pela sua alta qualidade e longevidade. Sua composi\u00e7\u00e3o proporciona conforto t\u00e9rmico, absorvendo menos calor em compara\u00e7\u00e3o com outros materiais, o que o torna perfeito para \u00e1reas externas, como decks de piscina, jardins, varandas, e at\u00e9 ambientes internos que pedem um toque de eleg\u00e2ncia.<\/p>\n<p>Al\u00e9m do design diferenciado, o Piso Ciment\u00edcio Amadeirado G\u00eanesis \u00e9 ecologicamente correto, oferecendo uma alternativa sustent\u00e1vel \u00e0s madeiras tradicionais. Dispon\u00edvel em diversos formatos e layouts, cada pe\u00e7a \u00e9 \u00fanica, garantindo autenticidade e personaliza\u00e7\u00e3o para o seu projeto. Sua instala\u00e7\u00e3o \u00e9 pr\u00e1tica, e o produto acompanha um gel envelhecedor opcional para acabamentos ainda mais personalizados.<\/p>\n<p>Com a G\u00eanesis, voc\u00ea tem a garantia de um produto de alta performance, antiderrapante e com acabamento impec\u00e1vel, ideal para construtores, arquitetos e quem deseja transformar ambientes com estilo e funcionalidade.<\/p>\n<p>Escolha o Piso Ciment\u00edcio Amadeirado G\u00eanesis e eleve o padr\u00e3o dos seus espa\u00e7os!<\/p>\n","protected":false},"excerpt":{"rendered":"<table class=\"table table-zebra pair-table pair-table-big characteristics-table\">\n<tbody>\n<tr>\n<th class=\"color-default-dark\">Modelo:<\/th>\n<td class=\"color-default-dark\">Madeirado<\/td>\n<\/tr>\n<tr>\n<th class=\"color-default-dark\">Tamanho:<\/th>\n<td class=\"color-default-dark\">100x20x2 cm<\/td>\n<\/tr>\n<tr>\n<th class=\"color-default-dark\">Cor:<\/th>\n<td class=\"color-default-dark\">Castanho<\/td>\n<\/tr>\n<tr>\n<th class=\"color-default-dark\">Unidade de Venda:<\/th>\n<td class=\"color-default-dark\">Por pe\u00e7a (5 Pe\u00e7as \/ Metro Quadrado)<\/td>\n<\/tr>\n<\/tbody>\n<\/table>\n<p><img decoding=\"async\" class=\"alignnone wp-image-211\" src=\"https:\/\/bordaspiscina.com.br\/loja\/wp-content\/uploads\/2025\/08\/mercadopago-selo-300x59.png\" alt=\"\" width=\"214\" height=\"42\" srcset=\"https:\/\/bordaspiscina.com.br\/loja\/wp-content\/uploads\/2025\/08\/mercadopago-selo-300x59.png 300w, https:\/\/bordaspiscina.com.br\/loja\/wp-content\/uploads\/2025\/08\/mercadopago-selo.png 525w\" sizes=\"(max-width: 214px) 100vw, 214px\" \/><\/p>\n","protected":false},"featured_media":104,"comment_status":"open","ping_status":"closed","template":"","meta":[],"product_brand":[],"product_cat":[23,20],"product_tag":[24,25],"class_list":{"0":"post-146","1":"product","2":"type-product","3":"status-publish","4":"has-post-thumbnail","6":"product_cat-piso-cimenticio-amadeirado","7":"product_cat-pisos-de-piscinas","8":"product_tag-bordas-de-piscinas","9":"product_tag-piso-atermico","11":"first","12":"instock","13":"shipping-taxable","14":"purchasable","15":"product-type-simple"},"_links":{"self":[{"href":"https:\/\/bordaspiscina.com.br\/loja\/wp-json\/wp\/v2\/product\/146","targetHints":{"allow":["GET"]}}],"collection":[{"href":"https:\/\/bordaspiscina.com.br\/loja\/wp-json\/wp\/v2\/product"}],"about":[{"href":"https:\/\/bordaspiscina.com.br\/loja\/wp-json\/wp\/v2\/types\/product"}],"replies":[{"embeddable":true,"href":"https:\/\/bordaspiscina.com.br\/loja\/wp-json\/wp\/v2\/comments?post=146"}],"wp:featuredmedia":[{"embeddable":true,"href":"https:\/\/bordaspiscina.com.br\/loja\/wp-json\/wp\/v2\/media\/104"}],"wp:attachment":[{"href":"https:\/\/bordaspiscina.com.br\/loja\/wp-json\/wp\/v2\/media?parent=146"}],"wp:term":[{"taxonomy":"product_brand","embeddable":true,"href":"https:\/\/bordaspiscina.com.br\/loja\/wp-json\/wp\/v2\/product_brand?post=146"},{"taxonomy":"product_cat","embeddable":true,"href":"https:\/\/bordaspiscina.com.br\/loja\/wp-json\/wp\/v2\/product_cat?post=146"},{"taxonomy":"product_tag","embeddable":true,"href":"https:\/\/bordaspiscina.com.br\/loja\/wp-json\/wp\/v2\/product_tag?post=146"}],"curies":[{"name":"wp","href":"https:\/\/api.w.org\/{rel}","templated":true}]}}