{"id":142,"date":"2025-08-04T13:47:07","date_gmt":"2025-08-04T13:47:07","guid":{"rendered":"https:\/\/bordaspiscina.com.br\/loja\/?post_type=product&#038;p=142"},"modified":"2025-10-19T22:31:49","modified_gmt":"2025-10-19T22:31:49","slug":"piso-cimenticio-madeirado-genesis-cedro-100x20-cm","status":"publish","type":"product","link":"https:\/\/bordaspiscina.com.br\/loja\/produto\/piso-cimenticio-madeirado-genesis-cedro-100x20-cm\/","title":{"rendered":"Piso Ciment\u00edcio Madeirado G\u00eanesis Cedro 100&#215;20 cm"},"content":{"rendered":"<p>Piso Ciment\u00edcio Madeirado G\u00eanesis Cedro 100&#215;20 cm C\u00d3D: M66587441<\/p>\n<p>Pagamento Facilitado:<\/p>\n<p>Grande Variedade de Tamanhos e Cores:<br \/>\nPerfeito para harmonizar em qualquer ambiente.<\/p>\n<p>O Piso Madeirado \u00e9 indicado para piscinas de todas as marcas e padr\u00f5es e \u00e1reas externas, possui design exclusivo e \u00e9 confeccionado em f\u00f4rmas especiais.<\/p>\n<p>Diferente de similares do mercado, s\u00e3o produzidos com insumos e aditivos de primeira linha.<br \/>\nNossa linha de produ\u00e7\u00e3o artesanal conta com f\u00f4rmas produzidas em nossa pr\u00f3pria f\u00e1brica, diferente de similares que obt\u00eam f\u00f4rmas no mercado sem nenhum controle de qualidade.<\/p>\n<p>O Piso Madeirado atende aos mais altos padr\u00f5es de qualidade e conforto, possui design ergon\u00f4mico e se diferencia pela beleza est\u00e9tica e textura padronizada.<\/p>\n<p>A G\u00eanesis possui frota pr\u00f3pria para entregas nas regi\u00f5es sul e sudeste e parceiras para entregar em qualquer regi\u00e3o do Pa\u00eds.<\/p>\n<p>Produtos de Alta Qualidade com Garantia e \u00d3timo Atendimento.<\/p>\n<p>Aguardamos Voc\u00ea,<\/p>\n<p>Equipe G\u00eanesis<\/p>\n","protected":false},"excerpt":{"rendered":"<table class=\"table table-zebra pair-table pair-table-big characteristics-table\">\n<tbody>\n<tr>\n<th class=\"color-default-dark\">Modelo:<\/th>\n<td class=\"color-default-dark\">Cedro Madeirado<\/td>\n<\/tr>\n<tr>\n<th class=\"color-default-dark\">Tamanho:<\/th>\n<td class=\"color-default-dark\">100x20x2 cm<\/td>\n<\/tr>\n<tr>\n<th class=\"color-default-dark\">Unidade de Venda:<\/th>\n<td class=\"color-default-dark\">Por pe\u00e7a (5 Pe\u00e7as \/ Metro Quadrado)<\/td>\n<\/tr>\n<\/tbody>\n<\/table>\n<p><img decoding=\"async\" class=\"alignnone wp-image-211\" src=\"https:\/\/bordaspiscina.com.br\/loja\/wp-content\/uploads\/2025\/08\/mercadopago-selo-300x59.png\" alt=\"\" width=\"214\" height=\"42\" srcset=\"https:\/\/bordaspiscina.com.br\/loja\/wp-content\/uploads\/2025\/08\/mercadopago-selo-300x59.png 300w, https:\/\/bordaspiscina.com.br\/loja\/wp-content\/uploads\/2025\/08\/mercadopago-selo.png 525w\" sizes=\"(max-width: 214px) 100vw, 214px\" \/><\/p>\n","protected":false},"featured_media":87,"comment_status":"open","ping_status":"closed","template":"","meta":[],"product_brand":[],"product_cat":[23,20],"product_tag":[24,25],"class_list":{"0":"post-142","1":"product","2":"type-product","3":"status-publish","4":"has-post-thumbnail","6":"product_cat-piso-cimenticio-amadeirado","7":"product_cat-pisos-de-piscinas","8":"product_tag-bordas-de-piscinas","9":"product_tag-piso-atermico","11":"first","12":"instock","13":"shipping-taxable","14":"purchasable","15":"product-type-simple"},"_links":{"self":[{"href":"https:\/\/bordaspiscina.com.br\/loja\/wp-json\/wp\/v2\/product\/142","targetHints":{"allow":["GET"]}}],"collection":[{"href":"https:\/\/bordaspiscina.com.br\/loja\/wp-json\/wp\/v2\/product"}],"about":[{"href":"https:\/\/bordaspiscina.com.br\/loja\/wp-json\/wp\/v2\/types\/product"}],"replies":[{"embeddable":true,"href":"https:\/\/bordaspiscina.com.br\/loja\/wp-json\/wp\/v2\/comments?post=142"}],"wp:featuredmedia":[{"embeddable":true,"href":"https:\/\/bordaspiscina.com.br\/loja\/wp-json\/wp\/v2\/media\/87"}],"wp:attachment":[{"href":"https:\/\/bordaspiscina.com.br\/loja\/wp-json\/wp\/v2\/media?parent=142"}],"wp:term":[{"taxonomy":"product_brand","embeddable":true,"href":"https:\/\/bordaspiscina.com.br\/loja\/wp-json\/wp\/v2\/product_brand?post=142"},{"taxonomy":"product_cat","embeddable":true,"href":"https:\/\/bordaspiscina.com.br\/loja\/wp-json\/wp\/v2\/product_cat?post=142"},{"taxonomy":"product_tag","embeddable":true,"href":"https:\/\/bordaspiscina.com.br\/loja\/wp-json\/wp\/v2\/product_tag?post=142"}],"curies":[{"name":"wp","href":"https:\/\/api.w.org\/{rel}","templated":true}]}}