{"id":140,"date":"2025-08-04T13:47:07","date_gmt":"2025-08-04T13:47:07","guid":{"rendered":"https:\/\/bordaspiscina.com.br\/loja\/?post_type=product&#038;p=140"},"modified":"2026-01-05T14:40:02","modified_gmt":"2026-01-05T14:40:02","slug":"piso-de-piscina-60x60-areia-atermico-genesis-cod-655441411","status":"publish","type":"product","link":"https:\/\/bordaspiscina.com.br\/loja\/produto\/piso-de-piscina-60x60-areia-atermico-genesis-cod-655441411\/","title":{"rendered":"Piso de Piscina 60&#215;60 Areia At\u00e9rmico G\u00eanesis C\u00d3D: 655441411"},"content":{"rendered":"<p>Piso de Piscina 60&#215;60 Areia At\u00e9rmico G\u00eanesis<\/p>\n<p>O Piso At\u00e9rmico e Borda de Piscina G\u00eanesis \u00e9 um tipo de pedra para \u00e1reas de piscinas, muito usado devido ao seu conforto t\u00e9rmico, custo\/benef\u00edcio e design diferenciado.<\/p>\n<p>\u00danica Borda do mercado com Boleado 180 Graus:<br \/>\nAtrav\u00e9s de nosso m\u00e9todo de fabrica\u00e7\u00e3o exclusivo, o acabamento boleado das bordas G\u00eanesis s\u00e3o muito mais confort\u00e1veis e seguros para voc\u00ea e sua Fam\u00edlia.<\/p>\n<p>Entrega Facilitada:<br \/>\nNossas entregas s\u00e3o em frota pr\u00f3pria para o estado de S\u00e3o Paulo, Garantimos a entrega at\u00e9 a obra do cliente da quantidade comprada, sem pisos quebrados.<\/p>\n<p>Qualidade Diferenciada:<br \/>\nUtilizamos tecnologia avan\u00e7ada em Insumos e m\u00e9todos de fabrica\u00e7\u00e3o, somos incans\u00e1veis quando o assunto \u00e9 qualidade e durabilidade, nossos produtos s\u00e3o feitos para durar muito.<\/p>\n<p>Pagamento Facilitado:<\/p>\n<p>Grande Variedade de Tamanhos e Cores:<br \/>\nO Piso At\u00e9rmico G\u00eanesis est\u00e1 dispon\u00edvel em v\u00e1rios tamanhos e formatos, entre eles o 50&#215;50 cm e 60&#215;60 cm, nas mais variadas cores como Branco, Areia e Cinza, perfeito para harmonizar em qualquer ambiente.<\/p>\n<p>Atrav\u00e9s de novas tecnologias em sua formula\u00e7\u00e3o e composi\u00e7\u00e3o, o piso mant\u00e9m a temperatura confort\u00e1vel mesmo em dias ensolarados.<\/p>\n<p>O Piso At\u00e9rmico e Borda de Piscina da G\u00eanesis s\u00e3o indicados para piscinas de todas as marcas e padr\u00f5es, possuem design exclusivo e s\u00e3o confeccionados em f\u00f4rmas especiais.<\/p>\n<p>Diferente de similares do mercado, s\u00e3o produzidos com insumos e aditivos de primeira linha.<br \/>\nNossa linha de produ\u00e7\u00e3o artesanal conta com f\u00f4rmas produzidas em nossa pr\u00f3pria f\u00e1brica, diferente de similares que obt\u00eam f\u00f4rmas no mercado sem nenhum controle de qualidade.<\/p>\n<p>O Piso At\u00e9rmico e Borda de Piscina da G\u00eanesis atende aos mais altos padr\u00f5es de qualidade e conforto, possui design ergon\u00f4mico e se diferencia pela beleza est\u00e9tica e textura padronizada.<\/p>\n<p>O Piso At\u00e9rmico e Borda de Piscina da G\u00eanesis \u00e9 oferecido nos tamanhos: 50&#215;15, 50&#215;20, 50&#215;25, 50&#215;30, 50&#215;35, 50&#215;50, 60&#215;60, 80&#215;80, 100&#215;100 cm, e tamb\u00e9m sob medida, consulte-nos.<\/p>\n<p>A G\u00eanesis possui frota pr\u00f3pria para entregas nas regi\u00f5es sul e sudeste e parceiras para entregar em qualquer regi\u00e3o do Pa\u00eds.<\/p>\n<p>Produtos de Alta Qualidade com Garantia e \u00d3timo Atendimento,<\/p>\n<p>Aguardamos Voc\u00ea,<\/p>\n<p>Equipe G\u00eanesis<\/p>\n","protected":false},"excerpt":{"rendered":"<table class=\"table table-zebra pair-table pair-table-big characteristics-table\">\n<tbody>\n<tr>\n<th class=\"color-default-dark\">Cor:<\/th>\n<td class=\"color-default-dark\">Areia<\/td>\n<\/tr>\n<tr>\n<th class=\"color-default-dark\">Tamanho:<\/th>\n<td class=\"color-default-dark\">60x60x2 cm<\/td>\n<\/tr>\n<tr>\n<th class=\"color-default-dark\">Modelo:<\/th>\n<td class=\"color-default-dark\">At\u00e9rmico<\/td>\n<\/tr>\n<tr>\n<th class=\"color-default-dark\">Unidade de Venda:<\/th>\n<td class=\"color-default-dark\">Por pe\u00e7a (2,77 Pe\u00e7as \/ Metro Quadrado)<\/td>\n<\/tr>\n<\/tbody>\n<\/table>\n<p><img decoding=\"async\" class=\"alignnone wp-image-211\" src=\"https:\/\/bordaspiscina.com.br\/loja\/wp-content\/uploads\/2025\/08\/mercadopago-selo-300x59.png\" alt=\"\" width=\"214\" height=\"42\" srcset=\"https:\/\/bordaspiscina.com.br\/loja\/wp-content\/uploads\/2025\/08\/mercadopago-selo-300x59.png 300w, https:\/\/bordaspiscina.com.br\/loja\/wp-content\/uploads\/2025\/08\/mercadopago-selo.png 525w\" sizes=\"(max-width: 214px) 100vw, 214px\" \/><\/p>\n","protected":false},"featured_media":86,"comment_status":"open","ping_status":"closed","template":"","meta":[],"product_brand":[],"product_cat":[22,20],"product_tag":[24,25],"class_list":{"0":"post-140","1":"product","2":"type-product","3":"status-publish","4":"has-post-thumbnail","6":"product_cat-piso-atermico","7":"product_cat-pisos-de-piscinas","8":"product_tag-bordas-de-piscinas","9":"product_tag-piso-atermico","11":"first","12":"instock","13":"sale","14":"shipping-taxable","15":"purchasable","16":"product-type-simple"},"_links":{"self":[{"href":"https:\/\/bordaspiscina.com.br\/loja\/wp-json\/wp\/v2\/product\/140","targetHints":{"allow":["GET"]}}],"collection":[{"href":"https:\/\/bordaspiscina.com.br\/loja\/wp-json\/wp\/v2\/product"}],"about":[{"href":"https:\/\/bordaspiscina.com.br\/loja\/wp-json\/wp\/v2\/types\/product"}],"replies":[{"embeddable":true,"href":"https:\/\/bordaspiscina.com.br\/loja\/wp-json\/wp\/v2\/comments?post=140"}],"wp:featuredmedia":[{"embeddable":true,"href":"https:\/\/bordaspiscina.com.br\/loja\/wp-json\/wp\/v2\/media\/86"}],"wp:attachment":[{"href":"https:\/\/bordaspiscina.com.br\/loja\/wp-json\/wp\/v2\/media?parent=140"}],"wp:term":[{"taxonomy":"product_brand","embeddable":true,"href":"https:\/\/bordaspiscina.com.br\/loja\/wp-json\/wp\/v2\/product_brand?post=140"},{"taxonomy":"product_cat","embeddable":true,"href":"https:\/\/bordaspiscina.com.br\/loja\/wp-json\/wp\/v2\/product_cat?post=140"},{"taxonomy":"product_tag","embeddable":true,"href":"https:\/\/bordaspiscina.com.br\/loja\/wp-json\/wp\/v2\/product_tag?post=140"}],"curies":[{"name":"wp","href":"https:\/\/api.w.org\/{rel}","templated":true}]}}