{"id":123,"date":"2025-08-04T13:47:07","date_gmt":"2025-08-04T13:47:07","guid":{"rendered":"https:\/\/bordaspiscina.com.br\/loja\/?post_type=product&#038;p=123"},"modified":"2026-01-05T14:27:02","modified_gmt":"2026-01-05T14:27:02","slug":"borda-de-piscina-boleada-50x30-branca-peito-de-pombo","status":"publish","type":"product","link":"https:\/\/bordaspiscina.com.br\/loja\/produto\/borda-de-piscina-boleada-50x30-branca-peito-de-pombo\/","title":{"rendered":"Borda de Piscina Boleada 50&#215;30 Branca (Peito de Pombo)"},"content":{"rendered":"<p>Borda de Piscina Boleada 50&#215;30 Branca (Peito de Pombo)<\/p>\n<p>O Piso At\u00e9rmico e Borda de Piscina G\u00eanesis \u00e9 um tipo de Pedra para \u00c1rea de Piscinas, muito usado, devido seu conforto t\u00e9rmico, custo\/benef\u00edcio e design diferenciado.<\/p>\n<p>Listamos Pelo Menos 5 Raz\u00f5es para optar pelos Pisos e Bordas de Piscinas G\u00eanesis:<\/p>\n<p>1 &#8211; \u00danica Borda do mercado com Boleado 180 Graus:<br \/>\nAtrav\u00e9s de nosso m\u00e9todo de fabrica\u00e7\u00e3o exclusivo. O acabamento boleado das bordas G\u00eanesis s\u00e3o muito mais confort\u00e1veis e seguros para voc\u00ea e sua fam\u00edlia.<\/p>\n<p>2 &#8211; Entrega Facilitada:<br \/>\nNossas entregas s\u00e3o em frota pr\u00f3pria para o estado de S\u00e3o Paulo. Garantimos a entrega at\u00e9 a obra do cliente da quantidade comprada, sem pisos quebrados.<\/p>\n<p>3 &#8211; Qualidade Diferenciada:<br \/>\nUtilizamos tecnologia avan\u00e7ada em insumos e m\u00e9todos de fabrica\u00e7\u00e3o. Somos incans\u00e1veis quando o assunto \u00e9 qualidade e durabilidade. Nossos produtos s\u00e3o feitos para durar muito.<\/p>\n<p>4 &#8211; Pagamento Facilitado<\/p>\n<p>5 &#8211; Grande Variedade de Tamanhos e Cores:<br \/>\nO Piso At\u00e9rmico G\u00eanesis est\u00e1 dispon\u00edvel em v\u00e1rios tamanhos e formatos, entre eles o 50&#215;50 cm e 60&#215;60 cm, nas mais variadas cores, entre elas Branco, Areia, Cinza. Perfeito para harmonizar em qualquer ambiente.<\/p>\n<p>Atrav\u00e9s de novas tecnologias em sua formula\u00e7\u00e3o e composi\u00e7\u00e3o, mant\u00e9m temperatura confort\u00e1vel mesmo em dias ensolarados.<\/p>\n<p>O Piso At\u00e9rmico e Borda de Piscina da G\u00eanesis s\u00e3o indicados para piscinas de todas as marcas e padr\u00f5es, possui design exclusivo e s\u00e3o confeccionados em f\u00f4rmas especiais.<\/p>\n<p>Diferente de similares do mercado, s\u00e3o produzidos com insumos e aditivos de primeira linha. Nossa linha de produ\u00e7\u00e3o artesanal conta com f\u00f4rmas produzidas em nossa pr\u00f3pria f\u00e1brica, diferente de similares que obt\u00eam f\u00f4rmas no mercado sem nenhum controle de qualidade.<\/p>\n<p>O Piso At\u00e9rmico e Borda de Piscina da G\u00eanesis atende aos mais altos padr\u00f5es de qualidade e conforto, possui design ergon\u00f4mico e se diferencia pela beleza est\u00e9tica e textura padronizada.<\/p>\n<p>O Piso At\u00e9rmico e Borda de Piscina da G\u00eanesis \u00e9 oferecido nos tamanhos: 50&#215;15, 50&#215;20, 50&#215;25, 50&#215;30, 50&#215;35, 50&#215;50, 60&#215;60, 80&#215;80, 100&#215;100 cm e tamb\u00e9m sob medida. Consulte-nos.<\/p>\n<p>A G\u00eanesis possui frota pr\u00f3pria para entregas nas regi\u00f5es Sul e Sudeste e parceiras para entregar em qualquer regi\u00e3o do pa\u00eds.<\/p>\n<p>Produtos de Alta Qualidade com Garantia e \u00d3timo Atendimento,<\/p>\n<p>Aguardamos Voc\u00ea,<br \/>\nEquipe G\u00eanesis<\/p>\n","protected":false},"excerpt":{"rendered":"<table class=\"table table-zebra pair-table pair-table-big characteristics-table\">\n<tbody>\n<tr>\n<th class=\"color-default-dark\">Cor:<\/th>\n<td class=\"color-default-dark\">Branco<\/td>\n<\/tr>\n<tr>\n<th class=\"color-default-dark\">Tamanho:<\/th>\n<td class=\"color-default-dark\">50x30x2 cm<\/td>\n<\/tr>\n<tr>\n<th class=\"color-default-dark\">Modelo:<\/th>\n<td class=\"color-default-dark\">Peito de Pombo<\/td>\n<\/tr>\n<tr>\n<th class=\"color-default-dark\">Unidade de Venda:<\/th>\n<td class=\"color-default-dark\">Por pe\u00e7a (2 Pe\u00e7as \/ Metro Linear)<\/td>\n<\/tr>\n<\/tbody>\n<\/table>\n<p><img decoding=\"async\" class=\"alignnone wp-image-211\" src=\"https:\/\/bordaspiscina.com.br\/loja\/wp-content\/uploads\/2025\/08\/mercadopago-selo-300x59.png\" alt=\"\" width=\"214\" height=\"42\" srcset=\"https:\/\/bordaspiscina.com.br\/loja\/wp-content\/uploads\/2025\/08\/mercadopago-selo-300x59.png 300w, https:\/\/bordaspiscina.com.br\/loja\/wp-content\/uploads\/2025\/08\/mercadopago-selo.png 525w\" sizes=\"(max-width: 214px) 100vw, 214px\" \/><\/p>\n","protected":false},"featured_media":106,"comment_status":"open","ping_status":"closed","template":"","meta":[],"product_brand":[],"product_cat":[19],"product_tag":[24,25],"class_list":{"0":"post-123","1":"product","2":"type-product","3":"status-publish","4":"has-post-thumbnail","6":"product_cat-bordas-de-piscinas","7":"product_tag-bordas-de-piscinas","8":"product_tag-piso-atermico","10":"first","11":"instock","12":"sale","13":"shipping-taxable","14":"purchasable","15":"product-type-simple"},"_links":{"self":[{"href":"https:\/\/bordaspiscina.com.br\/loja\/wp-json\/wp\/v2\/product\/123","targetHints":{"allow":["GET"]}}],"collection":[{"href":"https:\/\/bordaspiscina.com.br\/loja\/wp-json\/wp\/v2\/product"}],"about":[{"href":"https:\/\/bordaspiscina.com.br\/loja\/wp-json\/wp\/v2\/types\/product"}],"replies":[{"embeddable":true,"href":"https:\/\/bordaspiscina.com.br\/loja\/wp-json\/wp\/v2\/comments?post=123"}],"wp:featuredmedia":[{"embeddable":true,"href":"https:\/\/bordaspiscina.com.br\/loja\/wp-json\/wp\/v2\/media\/106"}],"wp:attachment":[{"href":"https:\/\/bordaspiscina.com.br\/loja\/wp-json\/wp\/v2\/media?parent=123"}],"wp:term":[{"taxonomy":"product_brand","embeddable":true,"href":"https:\/\/bordaspiscina.com.br\/loja\/wp-json\/wp\/v2\/product_brand?post=123"},{"taxonomy":"product_cat","embeddable":true,"href":"https:\/\/bordaspiscina.com.br\/loja\/wp-json\/wp\/v2\/product_cat?post=123"},{"taxonomy":"product_tag","embeddable":true,"href":"https:\/\/bordaspiscina.com.br\/loja\/wp-json\/wp\/v2\/product_tag?post=123"}],"curies":[{"name":"wp","href":"https:\/\/api.w.org\/{rel}","templated":true}]}}