{"id":285,"date":"2025-08-07T15:27:47","date_gmt":"2025-08-07T15:27:47","guid":{"rendered":"https:\/\/bordaspiscina.com.br\/loja\/?page_id=285"},"modified":"2025-08-07T15:30:11","modified_gmt":"2025-08-07T15:30:11","slug":"politica-de-fretes-e-pagamentos","status":"publish","type":"page","link":"https:\/\/bordaspiscina.com.br\/loja\/politica-de-fretes-e-pagamentos\/","title":{"rendered":"Politica de Fretes e Pagamentos"},"content":{"rendered":"\t\t<div data-elementor-type=\"wp-page\" data-elementor-id=\"285\" class=\"elementor elementor-285\" data-elementor-post-type=\"page\">\n\t\t\t\t<div class=\"elementor-element elementor-element-5d10975 e-flex e-con-boxed e-con e-parent\" data-id=\"5d10975\" data-element_type=\"container\" data-settings=\"{&quot;background_background&quot;:&quot;classic&quot;}\">\n\t\t\t\t\t<div class=\"e-con-inner\">\n\t\t\t\t<div class=\"elementor-element elementor-element-b55f1fa elementor-widget elementor-widget-text-editor\" data-id=\"b55f1fa\" data-element_type=\"widget\" data-widget_type=\"text-editor.default\">\n\t\t\t\t\t\t\t\t\t<p><strong>Pol\u00edtica de Frete<\/strong><\/p>\n<p>Os pedidos realizados em nosso site s\u00e3o enviados atrav\u00e9s de Frota Pr\u00f3pria Para regi\u00f5es de SP e atrav\u00e9s de parceiros de log\u00edstica reconhecidos no mercado para todas as demais regi\u00f5es do Brasil.<\/p>\n<p>Para consultar o valordo frete e prazo de entrega, escolha quais itens deseja comprar e clique em \u201cAdicionar ao Carrinho\u201d. Em seguida, informe seu CEP, o custo e o prazo ser\u00e3o calculados automaticamente. Ou entre em contato conosco atrav\u00e9s&nbsp;de nosso&nbsp;e-mail&nbsp;<strong><a href=\"mailto:info@pedragenesis.com.br\">info@pedragenesis.com.br<\/a><\/strong>, ou&nbsp;pelo nosso Telefone&nbsp;Fixo&nbsp;<a href=\"tel:(11) 4150-6028\">(11) 4150-6028<\/a>&nbsp;ou ainda no n\u00famero whatsapp (11) 95367-2388.<\/p>\n<p>Aten\u00e7\u00e3o:<\/p>\n<ul class=\"wp-block-list\">\n<li>O prazo de entrega come\u00e7a a contar ap\u00f3s a aprova\u00e7\u00e3o do pagamento. Assim que seu pagamento for aprovado voc\u00ea ser\u00e1 notificado por e-mail;<\/li>\n<li>Todos os pedidos est\u00e3o sujeitos \u00e0 an\u00e1lise e aprova\u00e7\u00e3o de dados cadastrais, o que pode demandar um tempinho maior na confirma\u00e7\u00e3o do pagamento;<\/li><li><br><\/li>\n<\/ul>\n<p><strong>Pol\u00edtica de Pagamento<\/strong><\/p>\n<p>O prazo de entrega indicado no pedido come\u00e7a a contar a partir da data de identifica\u00e7\u00e3o do pagamento, que varia de acordo com a forma de pagamento:<\/p>\n<ul class=\"wp-block-list\">\n<li>Cart\u00e3o de Cr\u00e9dito entre quatro (4) e setenta e duas (72) horas \u00fateis<\/li>\n<li>Pix em at\u00e9 uma hora<\/li>\n<li>Boleto Banc\u00e1rio: ap\u00f3s a compensa\u00e7\u00e3o que pode ocorrer em at\u00e9 2 dias \u00fateis<\/li>\n<\/ul>\n<p>Deste modo, caso tenha urg\u00eancia no recebimento da entrega, sugerimos efetuar o pagamento via Cart\u00e3o de Cr\u00e9dito ou Pix.<\/p>\n<p>As entregas ocorrem de segunda \u00e0 sexta-feira das 8h \u00e0s 18h. Em algumas faixas de CEP de algumas cidades, pode haver entregas aos s\u00e1bados em hor\u00e1rio comercial. Caso voc\u00ea esteja ausente ou havendo necessidade de confirmar endere\u00e7o e\/ou nome do destinat\u00e1rio, ou mesmo na hip\u00f3tese da Mercadoria ficar retida para an\u00e1lise e valida\u00e7\u00e3o dos \u00f3rg\u00e3os competentes, o prazo de entrega \u00e9 pausado.<\/p>\t\t\t\t\t\t\t\t<\/div>\n\t\t\t\t\t<\/div>\n\t\t\t\t<\/div>\n\t\t\t\t<\/div>\n\t\t","protected":false},"excerpt":{"rendered":"<p>Pol\u00edtica de Frete Os pedidos realizados em nosso site s\u00e3o enviados atrav\u00e9s de Frota Pr\u00f3pria Para regi\u00f5es de SP e atrav\u00e9s de parceiros de log\u00edstica reconhecidos no mercado para todas as demais regi\u00f5es do Brasil. Para consultar o valordo frete e prazo de entrega, escolha quais itens deseja comprar e clique em \u201cAdicionar ao Carrinho\u201d. [&hellip;]<\/p>\n","protected":false},"author":1,"featured_media":0,"parent":0,"menu_order":0,"comment_status":"closed","ping_status":"closed","template":"","meta":{"footnotes":""},"class_list":["post-285","page","type-page","status-publish","hentry"],"_links":{"self":[{"href":"https:\/\/bordaspiscina.com.br\/loja\/wp-json\/wp\/v2\/pages\/285","targetHints":{"allow":["GET"]}}],"collection":[{"href":"https:\/\/bordaspiscina.com.br\/loja\/wp-json\/wp\/v2\/pages"}],"about":[{"href":"https:\/\/bordaspiscina.com.br\/loja\/wp-json\/wp\/v2\/types\/page"}],"author":[{"embeddable":true,"href":"https:\/\/bordaspiscina.com.br\/loja\/wp-json\/wp\/v2\/users\/1"}],"replies":[{"embeddable":true,"href":"https:\/\/bordaspiscina.com.br\/loja\/wp-json\/wp\/v2\/comments?post=285"}],"version-history":[{"count":5,"href":"https:\/\/bordaspiscina.com.br\/loja\/wp-json\/wp\/v2\/pages\/285\/revisions"}],"predecessor-version":[{"id":290,"href":"https:\/\/bordaspiscina.com.br\/loja\/wp-json\/wp\/v2\/pages\/285\/revisions\/290"}],"wp:attachment":[{"href":"https:\/\/bordaspiscina.com.br\/loja\/wp-json\/wp\/v2\/media?parent=285"}],"curies":[{"name":"wp","href":"https:\/\/api.w.org\/{rel}","templated":true}]}}